{"id":43,"date":"2026-04-20T09:57:53","date_gmt":"2026-04-20T07:57:53","guid":{"rendered":"https:\/\/dev1.kuemler.dk\/?page_id=43"},"modified":"2026-04-22T12:20:18","modified_gmt":"2026-04-22T10:20:18","slug":"historie","status":"publish","type":"page","link":"https:\/\/dev1.kuemler.dk\/index.php\/historie\/","title":{"rendered":"Historie"},"content":{"rendered":"<div class=\"wpb-content-wrapper\"><p>[vc_row][vc_column][vc_column_text css=&#8221;&#8221;]\n\t\t<!-- MasterSlider -->\n\t\t<div id=\"P_MS69e8b9c23cb5e\" class=\"master-slider-parent ms-parent-id-3\" style=\"\" >\n\n\t\t\t\n\t\t\t<!-- MasterSlider Main -->\n\t\t\t<div id=\"MS69e8b9c23cb5e\" class=\"master-slider ms-skin-default\" >\n\t\t\t\t \t\t\t\t \n\n\t\t\t<div  class=\"ms-slide\" data-delay=\"3\" data-fill-mode=\"fill\"   >\n\t\t\t\t\t<img decoding=\"async\" src=\"https:\/\/dev1.kuemler.dk\/wp-content\/plugins\/masterslider\/public\/assets\/css\/blank.gif\" alt=\"\" title=\"Header-1980-x-707-px-historie\" data-src=\"https:\/\/dev1.kuemler.dk\/wp-content\/uploads\/2026\/04\/Header-1980-x-707-px-historie-1.jpg\" \/>\n\n\t\t\t\t\t<div  class=\"ms-layer\" style=\"\"      data-ease=\"easeOutQuint\"                data-offset-x=\"0\" data-offset-y=\"0\" data-origin=\"tl\"   >\n<h2><span style=\"color: #ffffff;\">Mere end 400 \u00e5r i snedkerfaget<\/span><\/h2><\/div>\n\n\n\t\t\t\t<\/div>\n\n\t\t\t<\/div>\n\t\t\t<!-- END MasterSlider Main -->\n\n\t\t\t \n\t\t<\/div>\n\t\t<!-- END MasterSlider -->\n\n\t\t<script>\n\t\t( window.MSReady = window.MSReady || [] ).push( function( $ ) {\n\n\t\t\t\"use strict\";\n\t\t\tvar masterslider_cb5e = new MasterSlider();\n\n\t\t\t\/\/ slider controls\n\t\t\t\/\/ slider setup\n\t\t\tmasterslider_cb5e.setup(\"MS69e8b9c23cb5e\", {\n\t\t\t\twidth           : 1980,\n\t\t\t\theight          : 707,\n\t\t\t\tminHeight       : 0,\n\t\t\t\tspace           : 0,\n\t\t\t\tstart           : 1,\n\t\t\t\tgrabCursor      : true,\n\t\t\t\tswipe           : true,\n\t\t\t\tmouse           : true,\n\t\t\t\tkeyboard        : false,\n\t\t\t\tlayout          : \"fullwidth\",\n\t\t\t\twheel           : false,\n\t\t\t\tautoplay        : false,\n                instantStartLayers:false,\n\t\t\t\tmobileBGVideo:false,\n\t\t\t\tloop            : false,\n\t\t\t\tshuffle         : false,\n\t\t\t\tpreload         : 0,\n\t\t\t\theightLimit     : true,\n\t\t\t\tautoHeight      : false,\n\t\t\t\tsmoothHeight    : true,\n\t\t\t\tendPause        : false,\n\t\t\t\toverPause       : true,\n\t\t\t\tfillMode        : \"fill\",\n\t\t\t\tcenterControls  : true,\n\t\t\t\tstartOnAppear   : false,\n\t\t\t\tlayersMode      : \"center\",\n\t\t\t\tautofillTarget  : \"\",\n\t\t\t\thideLayers      : false,\n\t\t\t\tfullscreenMargin: 0,\n\t\t\t\tspeed           : 20,\n\t\t\t\tdir             : \"h\",\n\t\t\t\tresponsive      : true,\n\t\t\t\ttabletWidth     : 768,\n\t\t\t\ttabletHeight    : null,\n\t\t\t\tphoneWidth      : 480,\n\t\t\t\tphoneHeight    : null,\n\t\t\t\tsizingReference : window,\n\t\t\t\tparallaxMode    : 'swipe',\n\t\t\t\tview            : \"basic\"\n\t\t\t});\n\n\t\t\t\n\t\t\twindow.masterslider_instances = window.masterslider_instances || [];\n\t\t\twindow.masterslider_instances.push( masterslider_cb5e );\n\t\t});\n\t\t<\/script>\n\n[\/vc_column_text][\/vc_column][\/vc_row][vc_row][vc_column][vc_separator css=&#8221;&#8221;][\/vc_column][\/vc_row][vc_row][vc_column][vc_column_text css=&#8221;&#8221;]<\/p>\n<h4 style=\"text-align: center;\">Historie<\/h4>\n<p>[\/vc_column_text][\/vc_column][\/vc_row][vc_row][vc_column][vc_separator css=&#8221;&#8221;][\/vc_column][\/vc_row][vc_row full_width=&#8221;stretch_row_content&#8221;][vc_column][vc_single_image image=&#8221;160&#8243; img_size=&#8221;full&#8221; css=&#8221;&#8221;][vc_custom_heading text=&#8221;Mere end 400 \u00e5r i tr\u00e6ets tjeneste&#8221; font_container=&#8221;tag:h2|text_align:center|color:%23FFFFFF&#8221; google_fonts=&#8221;font_family:ABeeZee%3Aregular%2Citalic|font_style:400%20regular%3A400%3Anormal&#8221; css_animation=&#8221;zoomIn&#8221; css=&#8221;.vc_custom_1776853356809{margin-top: -300px !important;margin-bottom: 0px !important;}&#8221;][\/vc_column][\/vc_row][vc_row][vc_column][vc_separator css=&#8221;&#8221;][\/vc_column][\/vc_row][vc_row][vc_column width=&#8221;1\/2&#8243;][vc_column_text css=&#8221;&#8221;]Det er ikke uden en passende portion ydmyghed og respekt, jeg ser tilbage p\u00e5 en historie, der tog sin begyndelse under Christian IV i 1611 og som stadig udvikler sig under Dronning Margrethe II, den 15. monark i laugets historie.<br \/>\n\u00d8stdanmarks Snedkerlaug er en sammenl\u00e6gning af 3 snedkerlaug: Roskilde Snedkerlaug, Slagelse Snedkermesterforening og Vordingborg Snedkerlaug. Denne sammenl\u00e6gning skete i 2006, s\u00e5 egentlig har \u00d8stdanmarks Snedkerlaug 5 \u00e5rs jubil\u00e6um i \u00e5r.<br \/>\nVi har dog valgt at \u201carve\u201d ancienniteten fra de sammenlagte laug, da 400 \u00e5rs historisk materiale er en guldgrube, som fortjener at blive dokumen-teret for eftertiden.<br \/>\nS\u00e5 i en moderne verden, hvor det er er altafg\u00f8ren-de at holde fokus p\u00e5 nuet, og hvor fremsyn, strategisk planl\u00e6gning og visioner er kernen til overlevelse, v\u00e6lger vi alts\u00e5 at kigge lidt tilbage p\u00e5 fundamentet for vores fag i en del af dette jubil\u00e6umsskrift.<br \/>\nDe enkelte laug vil vi naturligvis beskrive, men form\u00e5let med dette jubil\u00e6umsskrift er at beskrive den enorme udvikling, som faget har fungeret i gennem 400 \u00e5r. B\u00e5de fagligt og kulturelt.<br \/>\nVi vil fors\u00f8ge at tegne et billede af 400 \u00e5r, hvor snedkerfaget st\u00e6digt har holdt fast i sine traditio-ner &#8211; samtidig med at man har tilpasset sig de faktiske sociale- og arbejdsmarkedsm\u00e6ssige forhold i et foranderligt Danmark.<br \/>\nJeg synes dog ogs\u00e5, at vi &#8211; i et jubil\u00e6umsskrift -b\u00f8r se fremad og vurdere vores mange muligheder i et fag, hvor viden, teknisk snilde og knowhow g\u00f8r os til nogle af de dygtigste h\u00e5ndv\u00e6rkere i verden. Hvor vi erkender, at vore kvalifikationer i dag er st\u00e6rkt funderet i 400 \u00e5rs faglig stolthed og forandringsparathed, som er pr\u00e6cis de v\u00e6rdier vi vil b\u00e6re videre, og bygge de n\u00e6ste mange \u00e5rs snedkerarbejde p\u00e5.<br \/>\nAfslutningsvis vil jeg gerne takke de tidligere olderm\u00e6nd og andre laugsmedlemmer fra alle tre Snedkerlaug for indsatsen omkring tilblivelsen af dette jubil\u00e6umsskrift.<br \/>\nMed venlig hilsen[\/vc_column_text][\/vc_column][vc_column width=&#8221;1\/2&#8243;][vc_column_text css=&#8221;&#8221;]<strong>1611<\/strong><br \/>\n23. marts<br \/>\nRoskilde Snedkerlaug fik ved kongelig h\u00e5nd sine f\u00f8rste laugsartikler<\/p>\n<p><strong>1613<\/strong><br \/>\nKong Christian IV oph\u00e6vede alle landets laug.<\/p>\n<p><strong>1621<\/strong><br \/>\nDet er igen tilladt at oprette laug.<br \/>\nRoskilde Snedkerlaug fik et nyt s\u00e6t \u201cSkr\u00e5\u201d (love og vedt\u00e6gter)<\/p>\n<p><strong>1676<\/strong><br \/>\n13. maj.<br \/>\nRoskilde Snedkerlaug f\u00e5r 36 nye laugsartikler.(Retningslinier)<\/p>\n<p><strong>1738<\/strong><br \/>\nStiftelse af Roskilde Snedkerlaugs Syge- Hj\u00e6lpe- og begravelseskasse.<\/p>\n<p><strong>1758<\/strong><br \/>\nRoskilde Snedkerlaug f\u00e5r sin \u201cvelkomst\u201d<\/p>\n<p><strong>1832<\/strong><br \/>\nKongelig forordning om h\u00e5ndv\u00e6rkslaugene i Danmark.<\/p>\n<p><strong>1849<\/strong><br \/>\n5. juni.Grundloven.<\/p>\n<p><strong>1857<\/strong><br \/>\n29. december. N\u00e6ringsloven.<\/p>\n<p><strong>1862<\/strong><br \/>\n15. april. Roskilde Snedkerlaugs kassebeholdning overf\u00f8res til Sygekassen.<\/p>\n<p><strong>1888<\/strong><br \/>\n5. april.<br \/>\nStiftelse af Roskilde Snedkermesterforening<br \/>\nStiftelse af Slagelse Snedkermesterforening<br \/>\nCentralforeningen for snedkermestre i \u00d8stifterne stiftes.<\/p>\n<p><strong>1899<\/strong><br \/>\n21. februar.<br \/>\nRoskilde Snedkermesterforening g\u00e5r i dvale<\/p>\n<p>2. juni:<br \/>\nRoskilde Snedkerlaug melder sig ind i Centralforeningen under dette navn.<\/p>\n<p><strong>1926<\/strong><br \/>\nF\u00e6llesforeningen af Danmarks Snedkermestre stiftes.<\/p>\n<p><strong>1931<\/strong><br \/>\n31. november.<br \/>\nRoskilde bliver mesterforening igen.<\/p>\n<p><strong>1943<\/strong><br \/>\n15. marts<br \/>\nVordingborg Snedkerlaug stiftes<\/p>\n<p><strong>1963<\/strong><br \/>\n5. april:<br \/>\n75 \u00e5rs jubil\u00e6um i Roskilde Snedkermester-forening.<br \/>\nSkifter navn til Roskilde Snedkerlaug.<\/p>\n<p><strong>1988<\/strong><br \/>\n100 \u00e5rs jubil\u00e6um<br \/>\ni Slagelse Snedkermesterforening og Roskilde Snedkerlaug.<\/p>\n<p><strong>2006<\/strong><br \/>\nVordingborg Snedkerlaug, Slagelse Snedkermesterforening og Roskilde Snedkerlaug fusioneres i \u00d8stDanmarks Snedkerlaug.<\/p>\n<p><strong>2011<\/strong><br \/>\n400 \u00e5rs jubil\u00e6um \u00d8stDanmarks Snedkerlaug.<\/p>\n<p>&nbsp;<\/p>\n<p>[\/vc_column_text][\/vc_column][\/vc_row]<\/p>\n<\/div>","protected":false},"excerpt":{"rendered":"<p>[vc_row][vc_column][vc_column_text css=&#8221;&#8221;][\/vc_column_text][\/vc_column][\/vc_row][vc_row][vc_column][vc_separator css=&#8221;&#8221;][\/vc_column][\/vc_row][vc_row][vc_column][vc_column_text css=&#8221;&#8221;] Historie [\/vc_column_text][\/vc_column][\/vc_row][vc_row][vc_column][vc_separator css=&#8221;&#8221;][\/vc_column][\/vc_row][vc_row full_width=&#8221;stretch_row_content&#8221;][vc_column][vc_single_image image=&#8221;160&#8243; img_size=&#8221;full&#8221; css=&#8221;&#8221;][vc_custom_heading text=&#8221;Mere end 400 \u00e5r i tr\u00e6ets tjeneste&#8221; font_container=&#8221;tag:h2|text_align:center|color:%23FFFFFF&#8221; google_fonts=&#8221;font_family:ABeeZee%3Aregular%2Citalic|font_style:400%20regular%3A400%3Anormal&#8221; [&hellip;]<\/p>\n","protected":false},"author":1,"featured_media":0,"parent":0,"menu_order":0,"comment_status":"closed","ping_status":"closed","template":"","meta":{"site-sidebar-layout":"no-sidebar","site-content-layout":"plain-container","ast-site-content-layout":"normal-width-container","site-content-style":"default","site-sidebar-style":"default","ast-global-header-display":"","ast-banner-title-visibility":"","ast-main-header-display":"","ast-hfb-above-header-display":"","ast-hfb-below-header-display":"","ast-hfb-mobile-header-display":"","site-post-title":"disabled","ast-breadcrumbs-content":"","ast-featured-img":"disabled","footer-sml-layout":"","ast-disable-related-posts":"","theme-transparent-header-meta":"default","adv-header-id-meta":"","stick-header-meta":"","header-above-stick-meta":"","header-main-stick-meta":"","header-below-stick-meta":"","astra-migrate-meta-layouts":"set","ast-page-background-enabled":"default","ast-page-background-meta":{"desktop":{"background-color":"var(--ast-global-color-5)","background-image":"","background-repeat":"repeat","background-position":"center center","background-size":"auto","background-attachment":"scroll","background-type":"","background-media":"","overlay-type":"","overlay-color":"","overlay-opacity":"","overlay-gradient":""},"tablet":{"background-color":"","background-image":"","background-repeat":"repeat","background-position":"center center","background-size":"auto","background-attachment":"scroll","background-type":"","background-media":"","overlay-type":"","overlay-color":"","overlay-opacity":"","overlay-gradient":""},"mobile":{"background-color":"","background-image":"","background-repeat":"repeat","background-position":"center center","background-size":"auto","background-attachment":"scroll","background-type":"","background-media":"","overlay-type":"","overlay-color":"","overlay-opacity":"","overlay-gradient":""}},"ast-content-background-meta":{"desktop":{"background-color":"var(--ast-global-color-4)","background-image":"","background-repeat":"repeat","background-position":"center center","background-size":"auto","background-attachment":"scroll","background-type":"","background-media":"","overlay-type":"","overlay-color":"","overlay-opacity":"","overlay-gradient":""},"tablet":{"background-color":"var(--ast-global-color-4)","background-image":"","background-repeat":"repeat","background-position":"center center","background-size":"auto","background-attachment":"scroll","background-type":"","background-media":"","overlay-type":"","overlay-color":"","overlay-opacity":"","overlay-gradient":""},"mobile":{"background-color":"var(--ast-global-color-4)","background-image":"","background-repeat":"repeat","background-position":"center center","background-size":"auto","background-attachment":"scroll","background-type":"","background-media":"","overlay-type":"","overlay-color":"","overlay-opacity":"","overlay-gradient":""}},"footnotes":""},"class_list":["post-43","page","type-page","status-publish","hentry"],"yoast_head":"<!-- This site is optimized with the Yoast SEO plugin v27.4 - https:\/\/yoast.com\/product\/yoast-seo-wordpress\/ -->\n<title>Historie -<\/title>\n<meta name=\"robots\" content=\"noindex, follow, max-snippet:-1, max-image-preview:large, max-video-preview:-1\" \/>\n<meta property=\"og:locale\" content=\"da_DK\" \/>\n<meta property=\"og:type\" content=\"article\" \/>\n<meta property=\"og:title\" content=\"Historie -\" \/>\n<meta property=\"og:description\" content=\"[vc_row][vc_column][vc_column_text css=&#8221;&#8221;][\/vc_column_text][\/vc_column][\/vc_row][vc_row][vc_column][vc_separator css=&#8221;&#8221;][\/vc_column][\/vc_row][vc_row][vc_column][vc_column_text css=&#8221;&#8221;] Historie [\/vc_column_text][\/vc_column][\/vc_row][vc_row][vc_column][vc_separator css=&#8221;&#8221;][\/vc_column][\/vc_row][vc_row full_width=&#8221;stretch_row_content&#8221;][vc_column][vc_single_image image=&#8221;160&#8243; img_size=&#8221;full&#8221; css=&#8221;&#8221;][vc_custom_heading text=&#8221;Mere end 400 \u00e5r i tr\u00e6ets tjeneste&#8221; font_container=&#8221;tag:h2|text_align:center|color:%23FFFFFF&#8221; google_fonts=&#8221;font_family:ABeeZee%3Aregular%2Citalic|font_style:400%20regular%3A400%3Anormal&#8221; [&hellip;]\" \/>\n<meta property=\"og:url\" content=\"https:\/\/dev1.kuemler.dk\/index.php\/historie\/\" \/>\n<meta property=\"article:modified_time\" content=\"2026-04-22T10:20:18+00:00\" \/>\n<meta name=\"twitter:card\" content=\"summary_large_image\" \/>\n<meta name=\"twitter:label1\" content=\"Estimeret l\u00e6setid\" \/>\n\t<meta name=\"twitter:data1\" content=\"4 minutter\" \/>\n<script type=\"application\/ld+json\" class=\"yoast-schema-graph\">{\"@context\":\"https:\\\/\\\/schema.org\",\"@graph\":[{\"@type\":\"WebPage\",\"@id\":\"https:\\\/\\\/dev1.kuemler.dk\\\/index.php\\\/historie\\\/\",\"url\":\"https:\\\/\\\/dev1.kuemler.dk\\\/index.php\\\/historie\\\/\",\"name\":\"Historie -\",\"isPartOf\":{\"@id\":\"https:\\\/\\\/dev1.kuemler.dk\\\/#website\"},\"datePublished\":\"2026-04-20T07:57:53+00:00\",\"dateModified\":\"2026-04-22T10:20:18+00:00\",\"breadcrumb\":{\"@id\":\"https:\\\/\\\/dev1.kuemler.dk\\\/index.php\\\/historie\\\/#breadcrumb\"},\"inLanguage\":\"da-DK\",\"potentialAction\":[{\"@type\":\"ReadAction\",\"target\":[\"https:\\\/\\\/dev1.kuemler.dk\\\/index.php\\\/historie\\\/\"]}]},{\"@type\":\"BreadcrumbList\",\"@id\":\"https:\\\/\\\/dev1.kuemler.dk\\\/index.php\\\/historie\\\/#breadcrumb\",\"itemListElement\":[{\"@type\":\"ListItem\",\"position\":1,\"name\":\"Hjem\",\"item\":\"https:\\\/\\\/dev1.kuemler.dk\\\/\"},{\"@type\":\"ListItem\",\"position\":2,\"name\":\"Historie\"}]},{\"@type\":\"WebSite\",\"@id\":\"https:\\\/\\\/dev1.kuemler.dk\\\/#website\",\"url\":\"https:\\\/\\\/dev1.kuemler.dk\\\/\",\"name\":\"\",\"description\":\"\u00d8stDanmarks Snedkerlaug fyldte 400 \u00e5r i 2011. Vi er paraplyrganisation for ca. 80 snedkervirksomheder i \u00d8stDanmark\",\"potentialAction\":[{\"@type\":\"SearchAction\",\"target\":{\"@type\":\"EntryPoint\",\"urlTemplate\":\"https:\\\/\\\/dev1.kuemler.dk\\\/?s={search_term_string}\"},\"query-input\":{\"@type\":\"PropertyValueSpecification\",\"valueRequired\":true,\"valueName\":\"search_term_string\"}}],\"inLanguage\":\"da-DK\"}]}<\/script>\n<!-- \/ Yoast SEO plugin. -->","yoast_head_json":{"title":"Historie -","robots":{"index":"noindex","follow":"follow","max-snippet":"max-snippet:-1","max-image-preview":"max-image-preview:large","max-video-preview":"max-video-preview:-1"},"og_locale":"da_DK","og_type":"article","og_title":"Historie -","og_description":"[vc_row][vc_column][vc_column_text css=&#8221;&#8221;][\/vc_column_text][\/vc_column][\/vc_row][vc_row][vc_column][vc_separator css=&#8221;&#8221;][\/vc_column][\/vc_row][vc_row][vc_column][vc_column_text css=&#8221;&#8221;] Historie [\/vc_column_text][\/vc_column][\/vc_row][vc_row][vc_column][vc_separator css=&#8221;&#8221;][\/vc_column][\/vc_row][vc_row full_width=&#8221;stretch_row_content&#8221;][vc_column][vc_single_image image=&#8221;160&#8243; img_size=&#8221;full&#8221; css=&#8221;&#8221;][vc_custom_heading text=&#8221;Mere end 400 \u00e5r i tr\u00e6ets tjeneste&#8221; font_container=&#8221;tag:h2|text_align:center|color:%23FFFFFF&#8221; google_fonts=&#8221;font_family:ABeeZee%3Aregular%2Citalic|font_style:400%20regular%3A400%3Anormal&#8221; [&hellip;]","og_url":"https:\/\/dev1.kuemler.dk\/index.php\/historie\/","article_modified_time":"2026-04-22T10:20:18+00:00","twitter_card":"summary_large_image","twitter_misc":{"Estimeret l\u00e6setid":"4 minutter"},"schema":{"@context":"https:\/\/schema.org","@graph":[{"@type":"WebPage","@id":"https:\/\/dev1.kuemler.dk\/index.php\/historie\/","url":"https:\/\/dev1.kuemler.dk\/index.php\/historie\/","name":"Historie -","isPartOf":{"@id":"https:\/\/dev1.kuemler.dk\/#website"},"datePublished":"2026-04-20T07:57:53+00:00","dateModified":"2026-04-22T10:20:18+00:00","breadcrumb":{"@id":"https:\/\/dev1.kuemler.dk\/index.php\/historie\/#breadcrumb"},"inLanguage":"da-DK","potentialAction":[{"@type":"ReadAction","target":["https:\/\/dev1.kuemler.dk\/index.php\/historie\/"]}]},{"@type":"BreadcrumbList","@id":"https:\/\/dev1.kuemler.dk\/index.php\/historie\/#breadcrumb","itemListElement":[{"@type":"ListItem","position":1,"name":"Hjem","item":"https:\/\/dev1.kuemler.dk\/"},{"@type":"ListItem","position":2,"name":"Historie"}]},{"@type":"WebSite","@id":"https:\/\/dev1.kuemler.dk\/#website","url":"https:\/\/dev1.kuemler.dk\/","name":"","description":"\u00d8stDanmarks Snedkerlaug fyldte 400 \u00e5r i 2011. Vi er paraplyrganisation for ca. 80 snedkervirksomheder i \u00d8stDanmark","potentialAction":[{"@type":"SearchAction","target":{"@type":"EntryPoint","urlTemplate":"https:\/\/dev1.kuemler.dk\/?s={search_term_string}"},"query-input":{"@type":"PropertyValueSpecification","valueRequired":true,"valueName":"search_term_string"}}],"inLanguage":"da-DK"}]}},"_links":{"self":[{"href":"https:\/\/dev1.kuemler.dk\/index.php\/wp-json\/wp\/v2\/pages\/43","targetHints":{"allow":["GET"]}}],"collection":[{"href":"https:\/\/dev1.kuemler.dk\/index.php\/wp-json\/wp\/v2\/pages"}],"about":[{"href":"https:\/\/dev1.kuemler.dk\/index.php\/wp-json\/wp\/v2\/types\/page"}],"author":[{"embeddable":true,"href":"https:\/\/dev1.kuemler.dk\/index.php\/wp-json\/wp\/v2\/users\/1"}],"replies":[{"embeddable":true,"href":"https:\/\/dev1.kuemler.dk\/index.php\/wp-json\/wp\/v2\/comments?post=43"}],"version-history":[{"count":28,"href":"https:\/\/dev1.kuemler.dk\/index.php\/wp-json\/wp\/v2\/pages\/43\/revisions"}],"predecessor-version":[{"id":188,"href":"https:\/\/dev1.kuemler.dk\/index.php\/wp-json\/wp\/v2\/pages\/43\/revisions\/188"}],"wp:attachment":[{"href":"https:\/\/dev1.kuemler.dk\/index.php\/wp-json\/wp\/v2\/media?parent=43"}],"curies":[{"name":"wp","href":"https:\/\/api.w.org\/{rel}","templated":true}]}}