{"id":73,"date":"2026-04-21T13:17:43","date_gmt":"2026-04-21T11:17:43","guid":{"rendered":"https:\/\/dev1.kuemler.dk\/?page_id=73"},"modified":"2026-04-21T17:21:57","modified_gmt":"2026-04-21T15:21:57","slug":"bestyrelse","status":"publish","type":"page","link":"https:\/\/dev1.kuemler.dk\/index.php\/bestyrelse\/","title":{"rendered":"Bestyrelse"},"content":{"rendered":"<div class=\"wpb-content-wrapper\"><p>[vc_row][vc_column][vc_column_text css=&#8221;&#8221;]\n\t\t<!-- MasterSlider -->\n\t\t<div id=\"P_MS69e8b8ff4f066\" class=\"master-slider-parent ms-parent-id-2\" style=\"\" >\n\n\t\t\t\n\t\t\t<!-- MasterSlider Main -->\n\t\t\t<div id=\"MS69e8b8ff4f066\" class=\"master-slider ms-skin-default\" >\n\t\t\t\t \t\t\t\t \n\t\t\t<div  class=\"ms-slide\" data-delay=\"3\" data-fill-mode=\"fill\"   >\n\t\t\t\t\t<img decoding=\"async\" src=\"https:\/\/dev1.kuemler.dk\/wp-content\/plugins\/masterslider\/public\/assets\/css\/blank.gif\" alt=\"\" title=\"Header 1980 x 707 px Template forside\" data-src=\"https:\/\/dev1.kuemler.dk\/wp-content\/uploads\/2026\/04\/Header-1980-x-707-px-Template-forside.jpg\" \/>\n\n\n\t\t\t\t<\/div>\n\n\t\t\t<\/div>\n\t\t\t<!-- END MasterSlider Main -->\n\n\t\t\t \n\t\t<\/div>\n\t\t<!-- END MasterSlider -->\n\n\t\t<script>\n\t\t( window.MSReady = window.MSReady || [] ).push( function( $ ) {\n\n\t\t\t\"use strict\";\n\t\t\tvar masterslider_f066 = new MasterSlider();\n\n\t\t\t\/\/ slider controls\n\t\t\t\/\/ slider setup\n\t\t\tmasterslider_f066.setup(\"MS69e8b8ff4f066\", {\n\t\t\t\twidth           : 1980,\n\t\t\t\theight          : 707,\n\t\t\t\tminHeight       : 0,\n\t\t\t\tspace           : 0,\n\t\t\t\tstart           : 1,\n\t\t\t\tgrabCursor      : true,\n\t\t\t\tswipe           : true,\n\t\t\t\tmouse           : true,\n\t\t\t\tkeyboard        : false,\n\t\t\t\tlayout          : \"fullwidth\",\n\t\t\t\twheel           : false,\n\t\t\t\tautoplay        : false,\n                instantStartLayers:false,\n\t\t\t\tmobileBGVideo:false,\n\t\t\t\tloop            : false,\n\t\t\t\tshuffle         : false,\n\t\t\t\tpreload         : 0,\n\t\t\t\theightLimit     : true,\n\t\t\t\tautoHeight      : false,\n\t\t\t\tsmoothHeight    : true,\n\t\t\t\tendPause        : false,\n\t\t\t\toverPause       : true,\n\t\t\t\tfillMode        : \"fill\",\n\t\t\t\tcenterControls  : true,\n\t\t\t\tstartOnAppear   : false,\n\t\t\t\tlayersMode      : \"center\",\n\t\t\t\tautofillTarget  : \"\",\n\t\t\t\thideLayers      : false,\n\t\t\t\tfullscreenMargin: 0,\n\t\t\t\tspeed           : 20,\n\t\t\t\tdir             : \"h\",\n\t\t\t\tresponsive      : true,\n\t\t\t\ttabletWidth     : 768,\n\t\t\t\ttabletHeight    : null,\n\t\t\t\tphoneWidth      : 480,\n\t\t\t\tphoneHeight    : null,\n\t\t\t\tsizingReference : window,\n\t\t\t\tparallaxMode    : 'swipe',\n\t\t\t\tview            : \"basic\"\n\t\t\t});\n\n\t\t\t\n\t\t\twindow.masterslider_instances = window.masterslider_instances || [];\n\t\t\twindow.masterslider_instances.push( masterslider_f066 );\n\t\t});\n\t\t<\/script>\n\n[\/vc_column_text][\/vc_column][\/vc_row][vc_row][vc_column][vc_separator css=&#8221;&#8221;][\/vc_column][\/vc_row][vc_row][vc_column][vc_column_text css=&#8221;&#8221;]<\/p>\n<h4 style=\"text-align: center;\">Bestyrelsen<\/h4>\n<p>[\/vc_column_text][\/vc_column][\/vc_row][vc_row][vc_column][vc_separator css=&#8221;&#8221;][\/vc_column][\/vc_row][vc_row][vc_column width=&#8221;1\/4&#8243;][vc_column_text css=&#8221;.vc_custom_1776776291726{margin-bottom: 15px !important;}&#8221;]<\/p>\n<h4 style=\"text-align: left;\">Oldermand<\/h4>\n<p>[\/vc_column_text][vc_single_image css=&#8221;&#8221;][\/vc_column][vc_column width=&#8221;1\/4&#8243;][vc_column_text css=&#8221;.vc_custom_1776776355548{margin-bottom: 5px !important;}&#8221;].[\/vc_column_text][vc_column_text css=&#8221;&#8221;]<strong>Jan Nielsen<\/strong><br \/>\nDirekt\u00f8r<br \/>\nBeni M\u00f8bler<br \/>\nIndustrivej 7<br \/>\n4683 R\u00f8nnede<br \/>\n+45 5671 1114<br \/>\n<a href=\"mailto:info@beni.dk\" target=\"_blank\" rel=\"noopener\">info@beni.dk<\/a><br \/>\n<a href=\"http:\/\/www.beni.dk\" target=\"_blank\" rel=\"noopener\">www.beni.dk<\/a>[\/vc_column_text][\/vc_column][vc_column width=&#8221;1\/4&#8243;][vc_column_text css=&#8221;.vc_custom_1776776283866{margin-bottom: 15px !important;}&#8221;]<\/p>\n<h4 style=\"text-align: left;\">Viceoldermand<\/h4>\n<p>[\/vc_column_text][vc_single_image css=&#8221;&#8221;][\/vc_column][vc_column width=&#8221;1\/4&#8243;][vc_column_text css=&#8221;.vc_custom_1776776363125{margin-bottom: 5px !important;}&#8221;].[\/vc_column_text][vc_column_text css=&#8221;&#8221;]<strong>Steen Larsen<\/strong><br \/>\nAdm. direkt\u00f8r<br \/>\nSolr\u00f8d M\u00f8bel- og maskinsnedkeri A\/S<br \/>\nLerb\u00e6kvej 2<br \/>\n2680 Solr\u00f8d Strand<br \/>\n+45 5614 0296<br \/>\n<a href=\"mailto:post@solrodmobel.dk\">post@solrodmobel.dk<\/a><br \/>\n<a href=\"http:\/\/www.solrodmobel.dk\">www.solrodmobel.dk<\/a>[\/vc_column_text][\/vc_column][\/vc_row][vc_row][vc_column width=&#8221;1\/4&#8243;][vc_column_text css=&#8221;.vc_custom_1776777755135{margin-bottom: 15px !important;}&#8221;]<\/p>\n<h4 style=\"text-align: left;\">Bestyrelsesmedlem<\/h4>\n<p>[\/vc_column_text][vc_single_image css=&#8221;&#8221;][\/vc_column][vc_column width=&#8221;1\/4&#8243;][vc_column_text css=&#8221;.vc_custom_1776776355548{margin-bottom: 5px !important;}&#8221;].[\/vc_column_text][vc_column_text css=&#8221;&#8221;]<strong>Niels Kr\u00fcger<\/strong><br \/>\nIndehaver, Drejemester<br \/>\nBrdr. Kr\u00fcger Tr\u00e6drejeri A\/S<br \/>\nWalgerholm 20, Jonstrup<br \/>\n3500 V\u00e6rl\u00f8se<br \/>\n+45 3956 1555<br \/>\n<a href=\"mailto:info@brdr-kruger.dk\">info@brdr-kruger.dk<\/a><br \/>\n<a href=\"http:\/\/www.brdr-kruger.com\" target=\"_blank\" rel=\"noopener\">www.brdr-kruger.com<\/a>[\/vc_column_text][\/vc_column][vc_column width=&#8221;1\/4&#8243;][vc_column_text css=&#8221;.vc_custom_1776777766626{margin-bottom: 15px !important;}&#8221;]<\/p>\n<h4 style=\"text-align: left;\">Bestyrelsesmedlem<\/h4>\n<p>[\/vc_column_text][vc_single_image css=&#8221;&#8221;][\/vc_column][vc_column width=&#8221;1\/4&#8243;][vc_column_text css=&#8221;.vc_custom_1776776363125{margin-bottom: 5px !important;}&#8221;].[\/vc_column_text][vc_column_text css=&#8221;&#8221;]<strong>Axel Valentin<\/strong><br \/>\nDirekt\u00f8r<br \/>\nLKA Entreprise A\/S<br \/>\nR\u00f8dager Alle 127<br \/>\n2610 R\u00f8dovre<br \/>\n+45 3649 4049<br \/>\n<a href=\"http:\/\/www.lka-entreprise.dk\">www.lka-entreprise.dk<\/a>[\/vc_column_text][\/vc_column][\/vc_row]<\/p>\n<\/div>","protected":false},"excerpt":{"rendered":"<p>[vc_row][vc_column][vc_column_text css=&#8221;&#8221;][\/vc_column_text][\/vc_column][\/vc_row][vc_row][vc_column][vc_separator css=&#8221;&#8221;][\/vc_column][\/vc_row][vc_row][vc_column][vc_column_text css=&#8221;&#8221;] Bestyrelsen [\/vc_column_text][\/vc_column][\/vc_row][vc_row][vc_column][vc_separator css=&#8221;&#8221;][\/vc_column][\/vc_row][vc_row][vc_column width=&#8221;1\/4&#8243;][vc_column_text css=&#8221;.vc_custom_1776776291726{margin-bottom: 15px !important;}&#8221;] Oldermand [\/vc_column_text][vc_single_image css=&#8221;&#8221;][\/vc_column][vc_column width=&#8221;1\/4&#8243;][vc_column_text css=&#8221;.vc_custom_1776776355548{margin-bottom: 5px !important;}&#8221;].[\/vc_column_text][vc_column_text css=&#8221;&#8221;]Jan Nielsen [&hellip;]<\/p>\n","protected":false},"author":2,"featured_media":0,"parent":0,"menu_order":0,"comment_status":"closed","ping_status":"closed","template":"","meta":{"site-sidebar-layout":"no-sidebar","site-content-layout":"plain-container","ast-site-content-layout":"normal-width-container","site-content-style":"default","site-sidebar-style":"default","ast-global-header-display":"","ast-banner-title-visibility":"","ast-main-header-display":"","ast-hfb-above-header-display":"","ast-hfb-below-header-display":"","ast-hfb-mobile-header-display":"","site-post-title":"disabled","ast-breadcrumbs-content":"","ast-featured-img":"disabled","footer-sml-layout":"","ast-disable-related-posts":"","theme-transparent-header-meta":"default","adv-header-id-meta":"","stick-header-meta":"","header-above-stick-meta":"","header-main-stick-meta":"","header-below-stick-meta":"","astra-migrate-meta-layouts":"set","ast-page-background-enabled":"default","ast-page-background-meta":{"desktop":{"background-color":"var(--ast-global-color-5)","background-image":"","background-repeat":"repeat","background-position":"center center","background-size":"auto","background-attachment":"scroll","background-type":"","background-media":"","overlay-type":"","overlay-color":"","overlay-opacity":"","overlay-gradient":""},"tablet":{"background-color":"","background-image":"","background-repeat":"repeat","background-position":"center center","background-size":"auto","background-attachment":"scroll","background-type":"","background-media":"","overlay-type":"","overlay-color":"","overlay-opacity":"","overlay-gradient":""},"mobile":{"background-color":"","background-image":"","background-repeat":"repeat","background-position":"center center","background-size":"auto","background-attachment":"scroll","background-type":"","background-media":"","overlay-type":"","overlay-color":"","overlay-opacity":"","overlay-gradient":""}},"ast-content-background-meta":{"desktop":{"background-color":"var(--ast-global-color-4)","background-image":"","background-repeat":"repeat","background-position":"center center","background-size":"auto","background-attachment":"scroll","background-type":"","background-media":"","overlay-type":"","overlay-color":"","overlay-opacity":"","overlay-gradient":""},"tablet":{"background-color":"var(--ast-global-color-4)","background-image":"","background-repeat":"repeat","background-position":"center center","background-size":"auto","background-attachment":"scroll","background-type":"","background-media":"","overlay-type":"","overlay-color":"","overlay-opacity":"","overlay-gradient":""},"mobile":{"background-color":"var(--ast-global-color-4)","background-image":"","background-repeat":"repeat","background-position":"center center","background-size":"auto","background-attachment":"scroll","background-type":"","background-media":"","overlay-type":"","overlay-color":"","overlay-opacity":"","overlay-gradient":""}},"footnotes":""},"class_list":["post-73","page","type-page","status-publish","hentry"],"yoast_head":"<!-- This site is optimized with the Yoast SEO plugin v27.4 - https:\/\/yoast.com\/product\/yoast-seo-wordpress\/ -->\n<title>Bestyrelse -<\/title>\n<meta name=\"robots\" content=\"noindex, follow, max-snippet:-1, max-image-preview:large, max-video-preview:-1\" \/>\n<meta property=\"og:locale\" content=\"da_DK\" \/>\n<meta property=\"og:type\" content=\"article\" \/>\n<meta property=\"og:title\" content=\"Bestyrelse -\" \/>\n<meta property=\"og:description\" content=\"[vc_row][vc_column][vc_column_text css=&#8221;&#8221;][\/vc_column_text][\/vc_column][\/vc_row][vc_row][vc_column][vc_separator css=&#8221;&#8221;][\/vc_column][\/vc_row][vc_row][vc_column][vc_column_text css=&#8221;&#8221;] Bestyrelsen [\/vc_column_text][\/vc_column][\/vc_row][vc_row][vc_column][vc_separator css=&#8221;&#8221;][\/vc_column][\/vc_row][vc_row][vc_column width=&#8221;1\/4&#8243;][vc_column_text css=&#8221;.vc_custom_1776776291726{margin-bottom: 15px !important;}&#8221;] Oldermand [\/vc_column_text][vc_single_image css=&#8221;&#8221;][\/vc_column][vc_column width=&#8221;1\/4&#8243;][vc_column_text css=&#8221;.vc_custom_1776776355548{margin-bottom: 5px !important;}&#8221;].[\/vc_column_text][vc_column_text css=&#8221;&#8221;]Jan Nielsen [&hellip;]\" \/>\n<meta property=\"og:url\" content=\"https:\/\/dev1.kuemler.dk\/index.php\/bestyrelse\/\" \/>\n<meta property=\"article:modified_time\" content=\"2026-04-21T15:21:57+00:00\" \/>\n<meta name=\"twitter:card\" content=\"summary_large_image\" \/>\n<meta name=\"twitter:label1\" content=\"Estimeret l\u00e6setid\" \/>\n\t<meta name=\"twitter:data1\" content=\"1 minut\" \/>\n<script type=\"application\/ld+json\" class=\"yoast-schema-graph\">{\"@context\":\"https:\\\/\\\/schema.org\",\"@graph\":[{\"@type\":\"WebPage\",\"@id\":\"https:\\\/\\\/dev1.kuemler.dk\\\/index.php\\\/bestyrelse\\\/\",\"url\":\"https:\\\/\\\/dev1.kuemler.dk\\\/index.php\\\/bestyrelse\\\/\",\"name\":\"Bestyrelse -\",\"isPartOf\":{\"@id\":\"https:\\\/\\\/dev1.kuemler.dk\\\/#website\"},\"datePublished\":\"2026-04-21T11:17:43+00:00\",\"dateModified\":\"2026-04-21T15:21:57+00:00\",\"breadcrumb\":{\"@id\":\"https:\\\/\\\/dev1.kuemler.dk\\\/index.php\\\/bestyrelse\\\/#breadcrumb\"},\"inLanguage\":\"da-DK\",\"potentialAction\":[{\"@type\":\"ReadAction\",\"target\":[\"https:\\\/\\\/dev1.kuemler.dk\\\/index.php\\\/bestyrelse\\\/\"]}]},{\"@type\":\"BreadcrumbList\",\"@id\":\"https:\\\/\\\/dev1.kuemler.dk\\\/index.php\\\/bestyrelse\\\/#breadcrumb\",\"itemListElement\":[{\"@type\":\"ListItem\",\"position\":1,\"name\":\"Hjem\",\"item\":\"https:\\\/\\\/dev1.kuemler.dk\\\/\"},{\"@type\":\"ListItem\",\"position\":2,\"name\":\"Bestyrelse\"}]},{\"@type\":\"WebSite\",\"@id\":\"https:\\\/\\\/dev1.kuemler.dk\\\/#website\",\"url\":\"https:\\\/\\\/dev1.kuemler.dk\\\/\",\"name\":\"\",\"description\":\"\u00d8stDanmarks Snedkerlaug fyldte 400 \u00e5r i 2011. Vi er paraplyrganisation for ca. 80 snedkervirksomheder i \u00d8stDanmark\",\"potentialAction\":[{\"@type\":\"SearchAction\",\"target\":{\"@type\":\"EntryPoint\",\"urlTemplate\":\"https:\\\/\\\/dev1.kuemler.dk\\\/?s={search_term_string}\"},\"query-input\":{\"@type\":\"PropertyValueSpecification\",\"valueRequired\":true,\"valueName\":\"search_term_string\"}}],\"inLanguage\":\"da-DK\"}]}<\/script>\n<!-- \/ Yoast SEO plugin. -->","yoast_head_json":{"title":"Bestyrelse -","robots":{"index":"noindex","follow":"follow","max-snippet":"max-snippet:-1","max-image-preview":"max-image-preview:large","max-video-preview":"max-video-preview:-1"},"og_locale":"da_DK","og_type":"article","og_title":"Bestyrelse -","og_description":"[vc_row][vc_column][vc_column_text css=&#8221;&#8221;][\/vc_column_text][\/vc_column][\/vc_row][vc_row][vc_column][vc_separator css=&#8221;&#8221;][\/vc_column][\/vc_row][vc_row][vc_column][vc_column_text css=&#8221;&#8221;] Bestyrelsen [\/vc_column_text][\/vc_column][\/vc_row][vc_row][vc_column][vc_separator css=&#8221;&#8221;][\/vc_column][\/vc_row][vc_row][vc_column width=&#8221;1\/4&#8243;][vc_column_text css=&#8221;.vc_custom_1776776291726{margin-bottom: 15px !important;}&#8221;] Oldermand [\/vc_column_text][vc_single_image css=&#8221;&#8221;][\/vc_column][vc_column width=&#8221;1\/4&#8243;][vc_column_text css=&#8221;.vc_custom_1776776355548{margin-bottom: 5px !important;}&#8221;].[\/vc_column_text][vc_column_text css=&#8221;&#8221;]Jan Nielsen [&hellip;]","og_url":"https:\/\/dev1.kuemler.dk\/index.php\/bestyrelse\/","article_modified_time":"2026-04-21T15:21:57+00:00","twitter_card":"summary_large_image","twitter_misc":{"Estimeret l\u00e6setid":"1 minut"},"schema":{"@context":"https:\/\/schema.org","@graph":[{"@type":"WebPage","@id":"https:\/\/dev1.kuemler.dk\/index.php\/bestyrelse\/","url":"https:\/\/dev1.kuemler.dk\/index.php\/bestyrelse\/","name":"Bestyrelse -","isPartOf":{"@id":"https:\/\/dev1.kuemler.dk\/#website"},"datePublished":"2026-04-21T11:17:43+00:00","dateModified":"2026-04-21T15:21:57+00:00","breadcrumb":{"@id":"https:\/\/dev1.kuemler.dk\/index.php\/bestyrelse\/#breadcrumb"},"inLanguage":"da-DK","potentialAction":[{"@type":"ReadAction","target":["https:\/\/dev1.kuemler.dk\/index.php\/bestyrelse\/"]}]},{"@type":"BreadcrumbList","@id":"https:\/\/dev1.kuemler.dk\/index.php\/bestyrelse\/#breadcrumb","itemListElement":[{"@type":"ListItem","position":1,"name":"Hjem","item":"https:\/\/dev1.kuemler.dk\/"},{"@type":"ListItem","position":2,"name":"Bestyrelse"}]},{"@type":"WebSite","@id":"https:\/\/dev1.kuemler.dk\/#website","url":"https:\/\/dev1.kuemler.dk\/","name":"","description":"\u00d8stDanmarks Snedkerlaug fyldte 400 \u00e5r i 2011. Vi er paraplyrganisation for ca. 80 snedkervirksomheder i \u00d8stDanmark","potentialAction":[{"@type":"SearchAction","target":{"@type":"EntryPoint","urlTemplate":"https:\/\/dev1.kuemler.dk\/?s={search_term_string}"},"query-input":{"@type":"PropertyValueSpecification","valueRequired":true,"valueName":"search_term_string"}}],"inLanguage":"da-DK"}]}},"_links":{"self":[{"href":"https:\/\/dev1.kuemler.dk\/index.php\/wp-json\/wp\/v2\/pages\/73","targetHints":{"allow":["GET"]}}],"collection":[{"href":"https:\/\/dev1.kuemler.dk\/index.php\/wp-json\/wp\/v2\/pages"}],"about":[{"href":"https:\/\/dev1.kuemler.dk\/index.php\/wp-json\/wp\/v2\/types\/page"}],"author":[{"embeddable":true,"href":"https:\/\/dev1.kuemler.dk\/index.php\/wp-json\/wp\/v2\/users\/2"}],"replies":[{"embeddable":true,"href":"https:\/\/dev1.kuemler.dk\/index.php\/wp-json\/wp\/v2\/comments?post=73"}],"version-history":[{"count":25,"href":"https:\/\/dev1.kuemler.dk\/index.php\/wp-json\/wp\/v2\/pages\/73\/revisions"}],"predecessor-version":[{"id":122,"href":"https:\/\/dev1.kuemler.dk\/index.php\/wp-json\/wp\/v2\/pages\/73\/revisions\/122"}],"wp:attachment":[{"href":"https:\/\/dev1.kuemler.dk\/index.php\/wp-json\/wp\/v2\/media?parent=73"}],"curies":[{"name":"wp","href":"https:\/\/api.w.org\/{rel}","templated":true}]}}